{"id":21,"date":"2021-01-21T17:36:06","date_gmt":"2021-01-21T17:36:06","guid":{"rendered":"https:\/\/frisch-positiv.de\/LE\/?page_id=21"},"modified":"2022-03-21T18:58:31","modified_gmt":"2022-03-21T18:58:31","slug":"booking","status":"publish","type":"page","link":"https:\/\/lauraelisa.de\/index.php\/booking\/","title":{"rendered":"Booking"},"content":{"rendered":"<h1>Kontaktformular \/ Booking<\/h1>\n<div>\n\n<div class=\"wpcf7 no-js\" id=\"wpcf7-f234-o1\" lang=\"de-DE\" dir=\"ltr\">\n<div class=\"screen-reader-response\"><p role=\"status\" aria-live=\"polite\" aria-atomic=\"true\"><\/p> <ul><\/ul><\/div>\n<form action=\"\/index.php\/wp-json\/wp\/v2\/pages\/21#wpcf7-f234-o1\" method=\"post\" class=\"wpcf7-form init\" aria-label=\"Kontaktformular\" novalidate=\"novalidate\" data-status=\"init\">\n<div style=\"display: none;\">\n<input type=\"hidden\" name=\"_wpcf7\" value=\"234\" \/>\n<input type=\"hidden\" name=\"_wpcf7_version\" value=\"5.7.7\" \/>\n<input type=\"hidden\" name=\"_wpcf7_locale\" value=\"de_DE\" \/>\n<input type=\"hidden\" name=\"_wpcf7_unit_tag\" value=\"wpcf7-f234-o1\" \/>\n<input type=\"hidden\" name=\"_wpcf7_container_post\" value=\"0\" \/>\n<input type=\"hidden\" name=\"_wpcf7_posted_data_hash\" value=\"\" \/>\n<\/div>\n\n<div class=\"wps-form\">\n\t<div class=\"wps-form-row\">\n\t\t<div class=\"wps-form-column\">\n\t\t\t<p><label>Vorname<\/label><br \/>\n<span class=\"wpcf7-form-control-wrap\" data-name=\"your-name\"><input size=\"40\" class=\"wpcf7-form-control wpcf7-text wpcf7-validates-as-required\" aria-required=\"true\" aria-invalid=\"false\" value=\"\" type=\"text\" name=\"your-name\" \/><\/span>\n\t\t\t<\/p>\n\t\t<\/div>\n\t\t<div class=\"wps-form-column\">\n\t\t\t<p><label>Nachname<\/label><br \/>\n<span class=\"wpcf7-form-control-wrap\" data-name=\"your-firstname\"><input size=\"40\" class=\"wpcf7-form-control wpcf7-text wpcf7-validates-as-required\" aria-required=\"true\" aria-invalid=\"false\" value=\"\" type=\"text\" name=\"your-firstname\" \/><\/span>\n\t\t\t<\/p>\n\t\t<\/div>\n\t<\/div>\n<\/div>\n<div class=\"wps-form\">\n\t<div class=\"wps-form-row\">\n\t\t<div class=\"wps-form-column\">\n\t\t\t<p><label>Rufnummer<\/label><br \/>\n<span class=\"wpcf7-form-control-wrap\" data-name=\"your-number\"><input size=\"40\" class=\"wpcf7-form-control wpcf7-text wpcf7-validates-as-required\" aria-required=\"true\" aria-invalid=\"false\" value=\"\" type=\"text\" name=\"your-number\" \/><\/span>\n\t\t\t<\/p>\n\t\t<\/div>\n\t\t<div class=\"wps-form-column\">\n\t\t\t<p><label>E-Mail-Adresse<\/label><br \/>\n<span class=\"wpcf7-form-control-wrap\" data-name=\"your-email\"><input size=\"40\" class=\"wpcf7-form-control wpcf7-text wpcf7-email wpcf7-validates-as-required wpcf7-validates-as-email\" aria-required=\"true\" aria-invalid=\"false\" value=\"\" type=\"email\" name=\"your-email\" \/><\/span>\n\t\t\t<\/p>\n\t\t<\/div>\n\t<\/div>\n<\/div>\n<div class=\"wps-form-row\">\n\t<div class=\"wps-form-column\">\n\t\t<p><label> Wunschdatum <\/label><br \/>\n<span class=\"wpcf7-form-control-wrap\" data-name=\"your-date\"><input class=\"wpcf7-form-control wpcf7-date wpcf7-validates-as-required wpcf7-validates-as-date\" min=\"1920-01-01\" aria-required=\"true\" aria-invalid=\"false\" value=\"\" type=\"date\" name=\"your-date\" \/><\/span>\n\t\t<\/p>\n\t<\/div>\n<\/div>\n<div class=\"wps-form-row\">\n\t<div class=\"wps-form-column\">\n\t\t<p><label>Leistungsangebote<\/label><br \/>\n<span class=\"wpcf7-form-control-wrap\" data-name=\"your-choise\"><select class=\"wpcf7-form-control wpcf7-select wpcf7-validates-as-required\" aria-required=\"true\" aria-invalid=\"false\" name=\"your-choise\"><option value=\"-----\">-----<\/option><option value=\"Gesang\">Gesang<\/option><option value=\"Tanz\">Tanz<\/option><option value=\"Choreographie\">Choreographie<\/option><option value=\"Coaching\">Coaching<\/option><\/select><\/span>\n\t\t<\/p>\n\t\t<p><label>Bitte beschreiben Sie kurz Ihr Anliegen!<\/label><br \/>\n<span class=\"wpcf7-form-control-wrap\" data-name=\"your-subjekt\"><textarea cols=\"40\" rows=\"10\" class=\"wpcf7-form-control wpcf7-textarea\" aria-invalid=\"false\" name=\"your-subjekt\"><\/textarea><\/span>\n\t\t<\/p>\n\t\t<p><span class=\"wpcf7-form-control-wrap\" data-name=\"acceptance-586\"><span class=\"wpcf7-form-control wpcf7-acceptance\"><span class=\"wpcf7-list-item\"><input type=\"checkbox\" name=\"acceptance-586\" value=\"1\" aria-invalid=\"false\" \/><\/span><\/span><\/span> Datenschutz \"Ich stimme zu, dass meine Angaben aus dem Kontaktformular zur Beantwortung meiner Anfrage erhoben und verarbeitet werden. Die Daten werden nach abgeschlossener Bearbeitung Ihrer Anfrage gel\u00f6scht. Hinweis: Sie k\u00f6nnen Ihre Einwilligung jederzeit f\u00fcr die Zukunft per E-Mail an info@lauraelisa.de widerrufen. Detaillierte Informationen zum Umgang mit Nutzerdaten finden Sie in unserer <a href=\"https:\/\/lauraelisa.de\/index.php\/datenschutz\/\">Datenschutzerkl\u00e4rung<\/a>.\n\t\t<\/p>\n\t<\/div>\n<\/div>\n<div class=\"wps-form-row\">\n\t<div class=\"wps-form-column\">\n\t\t<p><input class=\"wpcf7-form-control has-spinner wpcf7-submit\" type=\"submit\" value=\"Senden\" \/>\n\t\t<\/p>\n\t<\/div>\n<\/div>\n<div class=\"wpcf7-response-output\" aria-hidden=\"true\"><\/div>\n<\/form>\n<\/div>\n\n<\/div>\n<p><!--more--><br \/>\n<!-- {\"name\":\"Startseite\",\"type\":\"layout\",\"children\":[{\"type\":\"section\",\"props\":{\"style\":\"default\",\"width\":\"default\",\"vertical_align\":\"middle\",\"title_position\":\"top-left\",\"title_rotation\":\"left\",\"title_breakpoint\":\"xl\",\"image_position\":\"center-center\"},\"children\":[{\"type\":\"row\",\"children\":[{\"type\":\"column\",\"props\":{\"image_position\":\"center-center\",\"media_overlay_gradient\":\"\",\"width_medium\":\"1-1\",\"position_sticky_breakpoint\":\"m\"},\"children\":[{\"type\":\"headline\",\"props\":{\"title_element\":\"h1\",\"title_decoration\":\"line\",\"title_color\":\"primary\",\"content\":\"Kontaktformular \\\/ Booking\"}}]}]},{\"type\":\"row\",\"children\":[{\"type\":\"column\",\"props\":{\"image_position\":\"center-center\",\"media_overlay_gradient\":\"\",\"style\":\"secondary\",\"padding\":\"xsmall\",\"image\":\"\",\"image_size\":\"cover\",\"media_overlay\":\"rgba(0, 0, 0, 0.81)\",\"width_medium\":\"1-1\",\"position_sticky_breakpoint\":\"m\"},\"children\":[{\"type\":\"text\",\"props\":{\"margin\":\"default\",\"column_breakpoint\":\"m\",\"content\":\"\n\n<p>[contact-form-7 id=\\\"234\\\" title=\\\"Ohne Titel\\\"]<\\\/p>\",\"text_color\":\"muted\"}}]}]}]}],\"version\":\"2.7.19\"} --><\/p>\n","protected":false},"excerpt":{"rendered":"<p>Kontaktformular \/ Booking<\/p>\n","protected":false},"author":1,"featured_media":0,"parent":0,"menu_order":0,"comment_status":"closed","ping_status":"closed","template":"","meta":[],"yoast_head":"<!-- This site is optimized with the Yoast SEO plugin v21.1 - https:\/\/yoast.com\/wordpress\/plugins\/seo\/ -->\n<title>Booking - Laura Elisa<\/title>\n<meta name=\"robots\" content=\"index, follow, max-snippet:-1, max-image-preview:large, max-video-preview:-1\" \/>\n<link rel=\"canonical\" href=\"https:\/\/lauraelisa.de\/index.php\/booking\/\" \/>\n<meta property=\"og:locale\" content=\"de_DE\" \/>\n<meta property=\"og:type\" content=\"article\" \/>\n<meta property=\"og:title\" content=\"Booking - Laura Elisa\" \/>\n<meta property=\"og:description\" content=\"Kontaktformular \/ Booking\" \/>\n<meta property=\"og:url\" content=\"https:\/\/lauraelisa.de\/index.php\/booking\/\" \/>\n<meta property=\"og:site_name\" content=\"Laura Elisa\" \/>\n<meta property=\"article:modified_time\" content=\"2022-03-21T18:58:31+00:00\" \/>\n<meta name=\"twitter:card\" content=\"summary_large_image\" \/>\n<script type=\"application\/ld+json\" class=\"yoast-schema-graph\">{\"@context\":\"https:\/\/schema.org\",\"@graph\":[{\"@type\":\"WebPage\",\"@id\":\"https:\/\/lauraelisa.de\/index.php\/booking\/\",\"url\":\"https:\/\/lauraelisa.de\/index.php\/booking\/\",\"name\":\"Booking - Laura Elisa\",\"isPartOf\":{\"@id\":\"https:\/\/lauraelisa.de\/#website\"},\"datePublished\":\"2021-01-21T17:36:06+00:00\",\"dateModified\":\"2022-03-21T18:58:31+00:00\",\"breadcrumb\":{\"@id\":\"https:\/\/lauraelisa.de\/index.php\/booking\/#breadcrumb\"},\"inLanguage\":\"de\",\"potentialAction\":[{\"@type\":\"ReadAction\",\"target\":[\"https:\/\/lauraelisa.de\/index.php\/booking\/\"]}]},{\"@type\":\"BreadcrumbList\",\"@id\":\"https:\/\/lauraelisa.de\/index.php\/booking\/#breadcrumb\",\"itemListElement\":[{\"@type\":\"ListItem\",\"position\":1,\"name\":\"Home\",\"item\":\"https:\/\/lauraelisa.de\/\"},{\"@type\":\"ListItem\",\"position\":2,\"name\":\"Booking\"}]},{\"@type\":\"WebSite\",\"@id\":\"https:\/\/lauraelisa.de\/#website\",\"url\":\"https:\/\/lauraelisa.de\/\",\"name\":\"Laura Elisa\",\"description\":\"Ausdruck und Tanz\",\"potentialAction\":[{\"@type\":\"SearchAction\",\"target\":{\"@type\":\"EntryPoint\",\"urlTemplate\":\"https:\/\/lauraelisa.de\/?s={search_term_string}\"},\"query-input\":\"required name=search_term_string\"}],\"inLanguage\":\"de\"}]}<\/script>\n<!-- \/ Yoast SEO plugin. -->","yoast_head_json":{"title":"Booking - Laura Elisa","robots":{"index":"index","follow":"follow","max-snippet":"max-snippet:-1","max-image-preview":"max-image-preview:large","max-video-preview":"max-video-preview:-1"},"canonical":"https:\/\/lauraelisa.de\/index.php\/booking\/","og_locale":"de_DE","og_type":"article","og_title":"Booking - Laura Elisa","og_description":"Kontaktformular \/ Booking","og_url":"https:\/\/lauraelisa.de\/index.php\/booking\/","og_site_name":"Laura Elisa","article_modified_time":"2022-03-21T18:58:31+00:00","twitter_card":"summary_large_image","schema":{"@context":"https:\/\/schema.org","@graph":[{"@type":"WebPage","@id":"https:\/\/lauraelisa.de\/index.php\/booking\/","url":"https:\/\/lauraelisa.de\/index.php\/booking\/","name":"Booking - Laura Elisa","isPartOf":{"@id":"https:\/\/lauraelisa.de\/#website"},"datePublished":"2021-01-21T17:36:06+00:00","dateModified":"2022-03-21T18:58:31+00:00","breadcrumb":{"@id":"https:\/\/lauraelisa.de\/index.php\/booking\/#breadcrumb"},"inLanguage":"de","potentialAction":[{"@type":"ReadAction","target":["https:\/\/lauraelisa.de\/index.php\/booking\/"]}]},{"@type":"BreadcrumbList","@id":"https:\/\/lauraelisa.de\/index.php\/booking\/#breadcrumb","itemListElement":[{"@type":"ListItem","position":1,"name":"Home","item":"https:\/\/lauraelisa.de\/"},{"@type":"ListItem","position":2,"name":"Booking"}]},{"@type":"WebSite","@id":"https:\/\/lauraelisa.de\/#website","url":"https:\/\/lauraelisa.de\/","name":"Laura Elisa","description":"Ausdruck und Tanz","potentialAction":[{"@type":"SearchAction","target":{"@type":"EntryPoint","urlTemplate":"https:\/\/lauraelisa.de\/?s={search_term_string}"},"query-input":"required name=search_term_string"}],"inLanguage":"de"}]}},"_links":{"self":[{"href":"https:\/\/lauraelisa.de\/index.php\/wp-json\/wp\/v2\/pages\/21"}],"collection":[{"href":"https:\/\/lauraelisa.de\/index.php\/wp-json\/wp\/v2\/pages"}],"about":[{"href":"https:\/\/lauraelisa.de\/index.php\/wp-json\/wp\/v2\/types\/page"}],"author":[{"embeddable":true,"href":"https:\/\/lauraelisa.de\/index.php\/wp-json\/wp\/v2\/users\/1"}],"replies":[{"embeddable":true,"href":"https:\/\/lauraelisa.de\/index.php\/wp-json\/wp\/v2\/comments?post=21"}],"version-history":[{"count":12,"href":"https:\/\/lauraelisa.de\/index.php\/wp-json\/wp\/v2\/pages\/21\/revisions"}],"predecessor-version":[{"id":536,"href":"https:\/\/lauraelisa.de\/index.php\/wp-json\/wp\/v2\/pages\/21\/revisions\/536"}],"wp:attachment":[{"href":"https:\/\/lauraelisa.de\/index.php\/wp-json\/wp\/v2\/media?parent=21"}],"curies":[{"name":"wp","href":"https:\/\/api.w.org\/{rel}","templated":true}]}}