{"id":6,"date":"2021-01-21T17:32:50","date_gmt":"2021-01-21T17:32:50","guid":{"rendered":"https:\/\/frisch-positiv.de\/LE\/?page_id=6"},"modified":"2025-04-13T19:02:11","modified_gmt":"2025-04-13T19:02:11","slug":"impressum","status":"publish","type":"page","link":"https:\/\/lauraelisa.de\/index.php\/impressum\/","title":{"rendered":"Impressum"},"content":{"rendered":"<div>\n<h1 class=\"cufon\">Impressum<\/h1>\n<h2>Angaben gem\u00e4\u00df \u00a7 5 TMG:<\/h2>\n<p><strong>LAURA ELISA<\/strong><br \/>Laura Elisabeth Husemann<br \/>Gro\u00dfe Rainstr. 47<br \/>20765 Hamburg<\/p>\n<h2>Kontakt:<\/h2>\n<table>\n<tbody>\n<tr>\n<td>Telefon:<\/td>\n<td>017632249035<\/td>\n<\/tr>\n<tr>\n<td>E-Mail:<\/td>\n<td>booking@lauraelisa.de<\/td>\n<\/tr>\n<\/tbody>\n<\/table>\n<p>Umsatzsteuer-Identifikationsnummer gem\u00e4\u00df \u00a727 a Umsatzsteuergesetz:<br \/>DE 310669703<\/p>\n<h2>Verantwortlich f\u00fcr den Inhalt nach \u00a7 55 Abs. 2 RStV:<\/h2>\n<p>Laura Elisabeth Husemann<br \/>Winterhuder Weg 6<br \/>22085 Hamburg<\/p>\n<p>Die Europ\u00e4ische Kommission stellt eine Plattform zur Online-Streitbeilegung (OS) bereit:\u00a0<a href=\"http:\/\/ec.europa.eu\/consumers\/odr\">http:\/\/ec.europa.eu\/consumers\/odr<\/a><br \/>Unsere E-Mail-Adresse finden Sie oben im Impressum.<\/p>\n<p>Wir sind nicht bereit oder verpflichtet, an<br \/>Streitbeilegungsverfahren vor einer Verbraucherschlichtungsstelle teilzunehmen.<\/p>\n<h2>Haftung f\u00fcr Inhalte<\/h2>\n<p>Als Diensteanbieter sind wir gem\u00e4\u00df \u00a7 7 Abs.1 TMG f\u00fcr eigene Inhalte auf diesen Seiten nach den allgemeinen Gesetzen verantwortlich. Nach \u00a7\u00a7 8 bis<br \/>10 TMG sind wir als Diensteanbieter jedoch nicht verpflichtet, \u00fcbermittelte oder gespeicherte fremde<br \/>Informationen zu \u00fcberwachen oder nach Umst\u00e4nden zu forschen, die auf eine rechtswidrige<br \/>T\u00e4tigkeit hinweisen.<\/p>\n<p>Verpflichtungen zur Entfernung oder Sperrung der Nutzung von<br \/>Informationen nach den allgemeinen Gesetzen bleiben hiervon unber\u00fchrt. Eine diesbez\u00fcgliche<br \/>Haftung ist jedoch erst ab dem Zeitpunkt der Kenntnis einer konkreten Rechtsverletzung m\u00f6glich.<br \/>Bei Bekanntwerden von entsprechenden Rechtsverletzungen werden wir diese Inhalte umgehend<br \/>entfernen.<\/p>\n<h2>Haftung f\u00fcr Links<\/h2>\n<p>Unser Angebot enth\u00e4lt Links zu externen Webseiten Dritter, auf deren Inhalte wir keinen Einfluss haben. Deshalb k\u00f6nnen wir f\u00fcr diese<br \/>fremden Inhalte auch keine Gew\u00e4hr \u00fcbernehmen. F\u00fcr die Inhalte der verlinkten Seiten ist<br \/>stets der jeweilige Anbieter oder Betreiber der Seiten verantwortlich. Die verlinkten Seiten wurden zum<br \/>Zeitpunkt der Verlinkung auf m\u00f6gliche Rechtsverst\u00f6\u00dfe \u00fcberpr\u00fcft.<br \/>Rechtswidrige Inhalte waren zum Zeitpunkt der Verlinkung nicht erkennbar.<\/p>\n<p>Eine permanente<br \/>inhaltliche Kontrolle der verlinkten Seiten ist jedoch ohne konkrete Anhaltspunkte einer Rechtsverletzung<br \/>nicht zumutbar. Bei Bekanntwerden von Rechtsverletzungen werden wir derartige Links umgehend<br \/>entfernen.<\/p>\n<h2>Urheberrecht<\/h2>\n<p>Die durch die Seitenbetreiber erstellten Inhalte und Werke auf<br \/>diesen Seiten unterliegen dem deutschen Urheberrecht. Die Vervielf\u00e4ltigung, Bearbeitung,<br \/>Verbreitung und jede Art der Verwertung au\u00dferhalb der Grenzen des Urheberrechtes bed\u00fcrfen<br \/>der schriftlichen Zustimmung des jeweiligen Autors bzw. Erstellers. Downloads und Kopien dieser Seite<br \/>sind nur f\u00fcr den privaten, nicht kommerziellen Gebrauch gestattet.<\/p>\n<p>Soweit die Inhalte auf<br \/>dieser Seite nicht vom Betreiber erstellt wurden, werden die Urheberrechte Dritter beachtet. Insbesondere<br \/>werden Inhalte Dritter als solche gekennzeichnet. Sollten Sie trotzdem auf eine Urheberrechtsverletzung<br \/>aufmerksam werden, bitten wir um einen entsprechenden Hinweis. Bei Bekanntwerden von<br \/>Rechtsverletzungen werden wir derartige Inhalte umgehend entfernen.<\/p>\n<\/div>\n<p><!--more--><br \/>\n<!-- {\"type\":\"layout\",\"children\":[{\"type\":\"section\",\"props\":{\"style\":\"default\",\"width\":\"default\",\"vertical_align\":\"middle\",\"title_position\":\"top-left\",\"title_rotation\":\"left\",\"title_breakpoint\":\"xl\",\"image_position\":\"center-center\"},\"children\":[{\"type\":\"row\",\"children\":[{\"type\":\"column\",\"props\":{\"image_position\":\"center-center\",\"media_overlay_gradient\":\"\",\"position_sticky_breakpoint\":\"m\"},\"children\":[{\"type\":\"text\",\"props\":{\"margin\":\"default\",\"column_breakpoint\":\"m\",\"content\":\"\n\n<h1 class=\\\"cufon\\\">Impressum<\\\/h1>\\n\n\n<h2>Angaben gem\\u00e4\\u00df \\u00a7 5 TMG:<\\\/h2>\\n\n\n<p><strong>LAURA ELISA<\\\/strong><br \\\/>Laura Elisabeth Husemann<br \\\/>Gro\\u00dfe Rainstr. 47<br \\\/>20765 Hamburg<\\\/p>\\n\n\n<h2>Kontakt:<\\\/h2>\\n\n\n<table>\\n\n\n<tbody>\\n\n\n<tr>\\n\n\n<td>Telefon:<\\\/td>\\n\n\n<td>017632249035<\\\/td>\\n<\\\/tr>\\n\n\n<tr>\\n\n\n<td>E-Mail:<\\\/td>\\n\n\n<td>booking@lauraelisa.de<\\\/td>\\n<\\\/tr>\\n<\\\/tbody>\\n<\\\/table>\\n\n\n<p>Umsatzsteuer-Identifikationsnummer gem\\u00e4\\u00df \\u00a727 a Umsatzsteuergesetz:<br \\\/>DE 310669703<\\\/p>\\n\n\n<h2>Verantwortlich f\\u00fcr den Inhalt nach \\u00a7 55 Abs. 2 RStV:<\\\/h2>\\n\n\n<p>Laura Elisabeth Husemann<br \\\/>Winterhuder Weg 6<br \\\/>22085 Hamburg<\\\/p>\\n\n\n<p>Die Europ\\u00e4ische Kommission stellt eine Plattform zur Online-Streitbeilegung (OS) bereit:\\u00a0<a href=\\\"http:\\\/\\\/ec.europa.eu\\\/consumers\\\/odr\\\">http:\\\/\\\/ec.europa.eu\\\/consumers\\\/odr<\\\/a><br \\\/>Unsere E-Mail-Adresse finden Sie oben im Impressum.<\\\/p>\\n\n\n<p>Wir sind nicht bereit oder verpflichtet, an<br \\\/>Streitbeilegungsverfahren vor einer Verbraucherschlichtungsstelle teilzunehmen.<\\\/p>\\n\n\n<h2>Haftung f\\u00fcr Inhalte<\\\/h2>\\n\n\n<p>Als Diensteanbieter sind wir gem\\u00e4\\u00df \\u00a7 7 Abs.1 TMG f\\u00fcr eigene Inhalte auf diesen Seiten nach den allgemeinen Gesetzen verantwortlich. Nach \\u00a7\\u00a7 8 bis<br \\\/>10 TMG sind wir als Diensteanbieter jedoch nicht verpflichtet, \\u00fcbermittelte oder gespeicherte fremde<br \\\/>Informationen zu \\u00fcberwachen oder nach Umst\\u00e4nden zu forschen, die auf eine rechtswidrige<br \\\/>T\\u00e4tigkeit hinweisen.<\\\/p>\\n\n\n<p>Verpflichtungen zur Entfernung oder Sperrung der Nutzung von<br \\\/>Informationen nach den allgemeinen Gesetzen bleiben hiervon unber\\u00fchrt. Eine diesbez\\u00fcgliche<br \\\/>Haftung ist jedoch erst ab dem Zeitpunkt der Kenntnis einer konkreten Rechtsverletzung m\\u00f6glich.<br \\\/>Bei Bekanntwerden von entsprechenden Rechtsverletzungen werden wir diese Inhalte umgehend<br \\\/>entfernen.<\\\/p>\\n\n\n<h2>Haftung f\\u00fcr Links<\\\/h2>\\n\n\n<p>Unser Angebot enth\\u00e4lt Links zu externen Webseiten Dritter, auf deren Inhalte wir keinen Einfluss haben. Deshalb k\\u00f6nnen wir f\\u00fcr diese<br \\\/>fremden Inhalte auch keine Gew\\u00e4hr \\u00fcbernehmen. F\\u00fcr die Inhalte der verlinkten Seiten ist<br \\\/>stets der jeweilige Anbieter oder Betreiber der Seiten verantwortlich. Die verlinkten Seiten wurden zum<br \\\/>Zeitpunkt der Verlinkung auf m\\u00f6gliche Rechtsverst\\u00f6\\u00dfe \\u00fcberpr\\u00fcft.<br \\\/>Rechtswidrige Inhalte waren zum Zeitpunkt der Verlinkung nicht erkennbar.<\\\/p>\\n\n\n<p>Eine permanente<br \\\/>inhaltliche Kontrolle der verlinkten Seiten ist jedoch ohne konkrete Anhaltspunkte einer Rechtsverletzung<br \\\/>nicht zumutbar. Bei Bekanntwerden von Rechtsverletzungen werden wir derartige Links umgehend<br \\\/>entfernen.<\\\/p>\\n\n\n<h2>Urheberrecht<\\\/h2>\\n\n\n<p>Die durch die Seitenbetreiber erstellten Inhalte und Werke auf<br \\\/>diesen Seiten unterliegen dem deutschen Urheberrecht. Die Vervielf\\u00e4ltigung, Bearbeitung,<br \\\/>Verbreitung und jede Art der Verwertung au\\u00dferhalb der Grenzen des Urheberrechtes bed\\u00fcrfen<br \\\/>der schriftlichen Zustimmung des jeweiligen Autors bzw. Erstellers. Downloads und Kopien dieser Seite<br \\\/>sind nur f\\u00fcr den privaten, nicht kommerziellen Gebrauch gestattet.<\\\/p>\\n\n\n<p>Soweit die Inhalte auf<br \\\/>dieser Seite nicht vom Betreiber erstellt wurden, werden die Urheberrechte Dritter beachtet. Insbesondere<br \\\/>werden Inhalte Dritter als solche gekennzeichnet. Sollten Sie trotzdem auf eine Urheberrechtsverletzung<br \\\/>aufmerksam werden, bitten wir um einen entsprechenden Hinweis. Bei Bekanntwerden von<br \\\/>Rechtsverletzungen werden wir derartige Inhalte umgehend entfernen.<\\\/p>\"}}]}]}]}],\"version\":\"2.7.22\"} --><\/p>\n","protected":false},"excerpt":{"rendered":"<p>Impressum Angaben gem\u00e4\u00df \u00a7 5 TMG: LAURA ELISALaura Elisabeth HusemannGro\u00dfe Rainstr. 4720765 Hamburg Kontakt: Telefon: 017632249035 E-Mail: booking@lauraelisa.de Umsatzsteuer-Identifikationsnummer gem\u00e4\u00df \u00a727 a Umsatzsteuergesetz:DE 310669703 Verantwortlich f\u00fcr den Inhalt nach \u00a7 55 Abs. 2 RStV: Laura Elisabeth HusemannWinterhuder Weg 622085 Hamburg Die Europ\u00e4ische Kommission stellt eine Plattform zur Online-Streitbeilegung (OS) bereit:\u00a0http:\/\/ec.europa.eu\/consumers\/odrUnsere E-Mail-Adresse finden Sie oben im [&hellip;]<\/p>\n","protected":false},"author":1,"featured_media":0,"parent":0,"menu_order":0,"comment_status":"closed","ping_status":"closed","template":"","meta":[],"yoast_head":"<!-- This site is optimized with the Yoast SEO plugin v21.1 - https:\/\/yoast.com\/wordpress\/plugins\/seo\/ -->\n<title>Impressum - Laura Elisa<\/title>\n<meta name=\"robots\" content=\"index, follow, max-snippet:-1, max-image-preview:large, max-video-preview:-1\" \/>\n<link rel=\"canonical\" href=\"https:\/\/lauraelisa.de\/index.php\/impressum\/\" \/>\n<meta property=\"og:locale\" content=\"de_DE\" \/>\n<meta property=\"og:type\" content=\"article\" \/>\n<meta property=\"og:title\" content=\"Impressum - Laura Elisa\" \/>\n<meta property=\"og:description\" content=\"Impressum Angaben gem\u00e4\u00df \u00a7 5 TMG: LAURA ELISALaura Elisabeth HusemannGro\u00dfe Rainstr. 4720765 Hamburg Kontakt: Telefon: 017632249035 E-Mail: booking@lauraelisa.de Umsatzsteuer-Identifikationsnummer gem\u00e4\u00df \u00a727 a Umsatzsteuergesetz:DE 310669703 Verantwortlich f\u00fcr den Inhalt nach \u00a7 55 Abs. 2 RStV: Laura Elisabeth HusemannWinterhuder Weg 622085 Hamburg Die Europ\u00e4ische Kommission stellt eine Plattform zur Online-Streitbeilegung (OS) bereit:\u00a0http:\/\/ec.europa.eu\/consumers\/odrUnsere E-Mail-Adresse finden Sie oben im [&hellip;]\" \/>\n<meta property=\"og:url\" content=\"https:\/\/lauraelisa.de\/index.php\/impressum\/\" \/>\n<meta property=\"og:site_name\" content=\"Laura Elisa\" \/>\n<meta property=\"article:modified_time\" content=\"2025-04-13T19:02:11+00:00\" \/>\n<meta name=\"twitter:card\" content=\"summary_large_image\" \/>\n<meta name=\"twitter:label1\" content=\"Gesch\u00e4tzte Lesezeit\" \/>\n\t<meta name=\"twitter:data1\" content=\"2\u00a0Minuten\" \/>\n<script type=\"application\/ld+json\" class=\"yoast-schema-graph\">{\"@context\":\"https:\/\/schema.org\",\"@graph\":[{\"@type\":\"WebPage\",\"@id\":\"https:\/\/lauraelisa.de\/index.php\/impressum\/\",\"url\":\"https:\/\/lauraelisa.de\/index.php\/impressum\/\",\"name\":\"Impressum - Laura Elisa\",\"isPartOf\":{\"@id\":\"https:\/\/lauraelisa.de\/#website\"},\"datePublished\":\"2021-01-21T17:32:50+00:00\",\"dateModified\":\"2025-04-13T19:02:11+00:00\",\"breadcrumb\":{\"@id\":\"https:\/\/lauraelisa.de\/index.php\/impressum\/#breadcrumb\"},\"inLanguage\":\"de\",\"potentialAction\":[{\"@type\":\"ReadAction\",\"target\":[\"https:\/\/lauraelisa.de\/index.php\/impressum\/\"]}]},{\"@type\":\"BreadcrumbList\",\"@id\":\"https:\/\/lauraelisa.de\/index.php\/impressum\/#breadcrumb\",\"itemListElement\":[{\"@type\":\"ListItem\",\"position\":1,\"name\":\"Home\",\"item\":\"https:\/\/lauraelisa.de\/\"},{\"@type\":\"ListItem\",\"position\":2,\"name\":\"Impressum\"}]},{\"@type\":\"WebSite\",\"@id\":\"https:\/\/lauraelisa.de\/#website\",\"url\":\"https:\/\/lauraelisa.de\/\",\"name\":\"Laura Elisa\",\"description\":\"Ausdruck und Tanz\",\"potentialAction\":[{\"@type\":\"SearchAction\",\"target\":{\"@type\":\"EntryPoint\",\"urlTemplate\":\"https:\/\/lauraelisa.de\/?s={search_term_string}\"},\"query-input\":\"required name=search_term_string\"}],\"inLanguage\":\"de\"}]}<\/script>\n<!-- \/ Yoast SEO plugin. -->","yoast_head_json":{"title":"Impressum - Laura Elisa","robots":{"index":"index","follow":"follow","max-snippet":"max-snippet:-1","max-image-preview":"max-image-preview:large","max-video-preview":"max-video-preview:-1"},"canonical":"https:\/\/lauraelisa.de\/index.php\/impressum\/","og_locale":"de_DE","og_type":"article","og_title":"Impressum - Laura Elisa","og_description":"Impressum Angaben gem\u00e4\u00df \u00a7 5 TMG: LAURA ELISALaura Elisabeth HusemannGro\u00dfe Rainstr. 4720765 Hamburg Kontakt: Telefon: 017632249035 E-Mail: booking@lauraelisa.de Umsatzsteuer-Identifikationsnummer gem\u00e4\u00df \u00a727 a Umsatzsteuergesetz:DE 310669703 Verantwortlich f\u00fcr den Inhalt nach \u00a7 55 Abs. 2 RStV: Laura Elisabeth HusemannWinterhuder Weg 622085 Hamburg Die Europ\u00e4ische Kommission stellt eine Plattform zur Online-Streitbeilegung (OS) bereit:\u00a0http:\/\/ec.europa.eu\/consumers\/odrUnsere E-Mail-Adresse finden Sie oben im [&hellip;]","og_url":"https:\/\/lauraelisa.de\/index.php\/impressum\/","og_site_name":"Laura Elisa","article_modified_time":"2025-04-13T19:02:11+00:00","twitter_card":"summary_large_image","twitter_misc":{"Gesch\u00e4tzte Lesezeit":"2\u00a0Minuten"},"schema":{"@context":"https:\/\/schema.org","@graph":[{"@type":"WebPage","@id":"https:\/\/lauraelisa.de\/index.php\/impressum\/","url":"https:\/\/lauraelisa.de\/index.php\/impressum\/","name":"Impressum - Laura Elisa","isPartOf":{"@id":"https:\/\/lauraelisa.de\/#website"},"datePublished":"2021-01-21T17:32:50+00:00","dateModified":"2025-04-13T19:02:11+00:00","breadcrumb":{"@id":"https:\/\/lauraelisa.de\/index.php\/impressum\/#breadcrumb"},"inLanguage":"de","potentialAction":[{"@type":"ReadAction","target":["https:\/\/lauraelisa.de\/index.php\/impressum\/"]}]},{"@type":"BreadcrumbList","@id":"https:\/\/lauraelisa.de\/index.php\/impressum\/#breadcrumb","itemListElement":[{"@type":"ListItem","position":1,"name":"Home","item":"https:\/\/lauraelisa.de\/"},{"@type":"ListItem","position":2,"name":"Impressum"}]},{"@type":"WebSite","@id":"https:\/\/lauraelisa.de\/#website","url":"https:\/\/lauraelisa.de\/","name":"Laura Elisa","description":"Ausdruck und Tanz","potentialAction":[{"@type":"SearchAction","target":{"@type":"EntryPoint","urlTemplate":"https:\/\/lauraelisa.de\/?s={search_term_string}"},"query-input":"required name=search_term_string"}],"inLanguage":"de"}]}},"_links":{"self":[{"href":"https:\/\/lauraelisa.de\/index.php\/wp-json\/wp\/v2\/pages\/6"}],"collection":[{"href":"https:\/\/lauraelisa.de\/index.php\/wp-json\/wp\/v2\/pages"}],"about":[{"href":"https:\/\/lauraelisa.de\/index.php\/wp-json\/wp\/v2\/types\/page"}],"author":[{"embeddable":true,"href":"https:\/\/lauraelisa.de\/index.php\/wp-json\/wp\/v2\/users\/1"}],"replies":[{"embeddable":true,"href":"https:\/\/lauraelisa.de\/index.php\/wp-json\/wp\/v2\/comments?post=6"}],"version-history":[{"count":6,"href":"https:\/\/lauraelisa.de\/index.php\/wp-json\/wp\/v2\/pages\/6\/revisions"}],"predecessor-version":[{"id":857,"href":"https:\/\/lauraelisa.de\/index.php\/wp-json\/wp\/v2\/pages\/6\/revisions\/857"}],"wp:attachment":[{"href":"https:\/\/lauraelisa.de\/index.php\/wp-json\/wp\/v2\/media?parent=6"}],"curies":[{"name":"wp","href":"https:\/\/api.w.org\/{rel}","templated":true}]}}